{"id":51,"date":"2025-10-01T12:00:32","date_gmt":"2025-10-01T12:00:32","guid":{"rendered":"https:\/\/signexpert.ro\/?page_id=51"},"modified":"2025-10-01T12:00:32","modified_gmt":"2025-10-01T12:00:32","slug":"about","status":"publish","type":"page","link":"https:\/\/signexpert.ro\/?page_id=51","title":{"rendered":"About"},"content":{"rendered":"\n\n\n\n<h2>Misiune \u0219i valori<\/h2>\n<p>Cine suntem \u0219i ce facem<\/p>\n<span style=\"color:#e60000\">Specialist Marketing<\/span>\n\n\n\n\n\n\n\n\n<h2>Echipa Noastr\u0103<\/h2>\n\n\n\n\n\n\n\n\n\n\n\n\n\n\n\n\n\n\n\n\n\n\n\n\n\n\n\n\n\n\n\n\n\n\n<h2>Caracteristici Cheie<\/h2>\n<p>Descoperi\u021bi caracteristicile unice ce fac serviciile noastre de semnalistic\u0103 deosebite.<\/p>\n\n\n\n\nAsigur\u0103m suport garantat pentru clien\u021bi pe tot parcursul colabor\u0103rii noastre.\n\n\nFiecare produs poate fi adaptat pentru a \u00eendeplini cerin\u021bele clien\u021bilor.\n\n\n\n\nNe angaj\u0103m s\u0103 livr\u0103m comenzi \u00een cel mai scurt timp posibil.\n\n\nProgrameaz\u0103 o \u00eent\u00e2lnire cu echipa noastr\u0103.\n\n\n\n\n\n\n<h6>M\u0103rturii ale Clien\u021bilor<\/h6>\n<h2>Ce spun clien\u021bii no\u0219tri<\/h2>\n\n\n\n\u201eSignexpert.ro a transformat complet modul \u00een care ne prezent\u0103m afacerea. Produsele lor sunt de o calitate excep\u021bional\u0103!\u201d\n\n\n\n\n\n\u201eServiciile lor au dus la cre\u0219terea vizibilit\u0103\u021bii brandului nostru. Recomand cu \u00eencredere!\u201d\n\n\n\n\n\n\u201eEchipa a fost extrem de receptiv\u0103 \u0219i profesional\u0103. Rezultatele au dep\u0103\u0219it a\u0219tept\u0103rile!\u201d\n\n\n\n","protected":false},"excerpt":{"rendered":"","protected":false},"author":1,"featured_media":0,"parent":0,"menu_order":0,"comment_status":"closed","ping_status":"closed","template":"","meta":{"footnotes":""},"class_list":["post-51","page","type-page","status-publish","hentry"],"blocksy_meta":[],"aioseo_notices":[],"_links":{"self":[{"href":"https:\/\/signexpert.ro\/index.php?rest_route=\/wp\/v2\/pages\/51","targetHints":{"allow":["GET"]}}],"collection":[{"href":"https:\/\/signexpert.ro\/index.php?rest_route=\/wp\/v2\/pages"}],"about":[{"href":"https:\/\/signexpert.ro\/index.php?rest_route=\/wp\/v2\/types\/page"}],"author":[{"embeddable":true,"href":"https:\/\/signexpert.ro\/index.php?rest_route=\/wp\/v2\/users\/1"}],"replies":[{"embeddable":true,"href":"https:\/\/signexpert.ro\/index.php?rest_route=%2Fwp%2Fv2%2Fcomments&post=51"}],"version-history":[{"count":0,"href":"https:\/\/signexpert.ro\/index.php?rest_route=\/wp\/v2\/pages\/51\/revisions"}],"wp:attachment":[{"href":"https:\/\/signexpert.ro\/index.php?rest_route=%2Fwp%2Fv2%2Fmedia&parent=51"}],"curies":[{"name":"wp","href":"https:\/\/api.w.org\/{rel}","templated":true}]}}