{"id":127,"date":"2025-10-03T10:28:20","date_gmt":"2025-10-03T10:28:20","guid":{"rendered":"https:\/\/signexpert.ro\/?page_id=127"},"modified":"2025-11-06T17:17:06","modified_gmt":"2025-11-06T17:17:06","slug":"home-4","status":"publish","type":"page","link":"https:\/\/signexpert.ro\/","title":{"rendered":"Home"},"content":{"rendered":"\t\t<div data-elementor-type=\"wp-page\" data-elementor-id=\"127\" class=\"elementor elementor-127\">\n\t\t\t\t<div class=\"elementor-element elementor-element-6539f9eb e-flex e-con-boxed e-con e-parent\" data-id=\"6539f9eb\" data-element_type=\"container\">\n\t\t\t\t\t<div class=\"e-con-inner\">\n\t\t\t\t<div class=\"elementor-element elementor-element-596bfd06 elementor-widget elementor-widget-text-editor\" data-id=\"596bfd06\" data-element_type=\"widget\" data-widget_type=\"text-editor.default\">\n\t\t\t\t\t\t\t\t\t\n<p>\u00a0<\/p>\n\n<h3><a href=\"https:\/\/sign-expert.ro\/\">Magazin Suport medalii<\/a><\/h3>\n\n<p><a href=\"https:\/\/sign-expert.ro\/\">Pentru a accesa magazinul nostru de suporturi pentru medalii accesati acest link<\/a><\/p>\n\n<h3>Despre Noi<\/h3>\n<p>Acest site apartine companiei Sign Expert Media SRL. Ce reprezinta acest site? Este un NOU proiect de portofoliu al nostru pe care dorim sa il promovam. Este inca in stadiu de creatie.<\/p>\n\n<h4>Cine suntem \u0219i ce facem<\/h4>\n\n<p>La signexpert.ro, ne angaj\u0103m s\u0103 oferim solu\u021bii de semnalistic\u0103 de \u00eenalt\u0103 calitate, construite pe baza inova\u021biei \u0219i excelen\u021bei \u00een servicii. Ne dorim s\u0103 sprijinim clien\u021bii \u00een atingerea obiectivelor lor de branding.<\/p>\n\n<h3>Portofoliul nostru<\/h3>\n\n<h3>Caracteristici Cheie<\/h3>\n\n<p>Descoperi\u021bi caracteristicile unice ce fac serviciile noastre de semnalistic\u0103 deosebite.<\/p>\n\n<h3>Doriti o evaluare gratuita ?<\/h3>\n\n<p>Trimiteti va rugam detalii despre proiectul dvs.<\/p>\n\t\t\t\t\t\t\t\t<\/div>\n\t\t\t\t\t<\/div>\n\t\t\t\t<\/div>\n\t\t\t\t<\/div>\n\t\t","protected":false},"excerpt":{"rendered":"<p>\u00a0<\/p>\n","protected":false},"author":1,"featured_media":0,"parent":0,"menu_order":0,"comment_status":"closed","ping_status":"closed","template":"","meta":{"footnotes":""},"class_list":["post-127","page","type-page","status-publish","hentry"],"blocksy_meta":[],"aioseo_notices":[],"_links":{"self":[{"href":"https:\/\/signexpert.ro\/index.php?rest_route=\/wp\/v2\/pages\/127","targetHints":{"allow":["GET"]}}],"collection":[{"href":"https:\/\/signexpert.ro\/index.php?rest_route=\/wp\/v2\/pages"}],"about":[{"href":"https:\/\/signexpert.ro\/index.php?rest_route=\/wp\/v2\/types\/page"}],"author":[{"embeddable":true,"href":"https:\/\/signexpert.ro\/index.php?rest_route=\/wp\/v2\/users\/1"}],"replies":[{"embeddable":true,"href":"https:\/\/signexpert.ro\/index.php?rest_route=%2Fwp%2Fv2%2Fcomments&post=127"}],"version-history":[{"count":5,"href":"https:\/\/signexpert.ro\/index.php?rest_route=\/wp\/v2\/pages\/127\/revisions"}],"predecessor-version":[{"id":170,"href":"https:\/\/signexpert.ro\/index.php?rest_route=\/wp\/v2\/pages\/127\/revisions\/170"}],"wp:attachment":[{"href":"https:\/\/signexpert.ro\/index.php?rest_route=%2Fwp%2Fv2%2Fmedia&parent=127"}],"curies":[{"name":"wp","href":"https:\/\/api.w.org\/{rel}","templated":true}]}}