{"id":125,"date":"2025-10-03T10:28:20","date_gmt":"2025-10-03T10:28:20","guid":{"rendered":"https:\/\/signexpert.ro\/?page_id=125"},"modified":"2025-10-03T10:28:20","modified_gmt":"2025-10-03T10:28:20","slug":"gallery","status":"publish","type":"page","link":"https:\/\/signexpert.ro\/?page_id=125","title":{"rendered":"Gallery"},"content":{"rendered":"\n\n\n\n<h5>Valorile noastre distinctive<\/h5>\n<p>Obiectivele noastre strategice<\/p>\n\n\n\n\n\n\n\n\n\n<h5>Portofoliul nostru<\/h5>\n<p>Vezi exemple de lucr\u0103ri realizate<\/p>\n\n\n\n\n\n\n\n\n\n\n\n\n\n\n\n\n<h5>Misiune \u0219i valori<\/h5>\n<p>La signexpert.ro, ne angaj\u0103m s\u0103 oferim solu\u021bii de semnalistic\u0103 de \u00eenalt\u0103 calitate, construite pe baza inova\u021biei \u0219i excelen\u021bei \u00een servicii. Ne dorim s\u0103 sprijinim clien\u021bii \u00een atingerea obiectivelor lor de branding.<\/p>\n\n\n","protected":false},"excerpt":{"rendered":"","protected":false},"author":1,"featured_media":0,"parent":0,"menu_order":0,"comment_status":"closed","ping_status":"closed","template":"","meta":{"footnotes":""},"class_list":["post-125","page","type-page","status-publish","hentry"],"blocksy_meta":[],"aioseo_notices":[],"_links":{"self":[{"href":"https:\/\/signexpert.ro\/index.php?rest_route=\/wp\/v2\/pages\/125","targetHints":{"allow":["GET"]}}],"collection":[{"href":"https:\/\/signexpert.ro\/index.php?rest_route=\/wp\/v2\/pages"}],"about":[{"href":"https:\/\/signexpert.ro\/index.php?rest_route=\/wp\/v2\/types\/page"}],"author":[{"embeddable":true,"href":"https:\/\/signexpert.ro\/index.php?rest_route=\/wp\/v2\/users\/1"}],"replies":[{"embeddable":true,"href":"https:\/\/signexpert.ro\/index.php?rest_route=%2Fwp%2Fv2%2Fcomments&post=125"}],"version-history":[{"count":0,"href":"https:\/\/signexpert.ro\/index.php?rest_route=\/wp\/v2\/pages\/125\/revisions"}],"wp:attachment":[{"href":"https:\/\/signexpert.ro\/index.php?rest_route=%2Fwp%2Fv2%2Fmedia&parent=125"}],"curies":[{"name":"wp","href":"https:\/\/api.w.org\/{rel}","templated":true}]}}