{"id":123,"date":"2025-10-03T10:28:20","date_gmt":"2025-10-03T10:28:20","guid":{"rendered":"https:\/\/signexpert.ro\/?page_id=123"},"modified":"2025-11-06T17:23:47","modified_gmt":"2025-11-06T17:23:47","slug":"contact-2","status":"publish","type":"page","link":"https:\/\/signexpert.ro\/?page_id=123","title":{"rendered":"Contact"},"content":{"rendered":"\t\t<div data-elementor-type=\"wp-page\" data-elementor-id=\"123\" class=\"elementor elementor-123\">\n\t\t\t\t<div class=\"elementor-element elementor-element-1fa968a e-flex e-con-boxed e-con e-parent\" data-id=\"1fa968a\" data-element_type=\"container\">\n\t\t\t\t\t<div class=\"e-con-inner\">\n\t\t\t\t<div class=\"elementor-element elementor-element-179c8746 elementor-widget elementor-widget-text-editor\" data-id=\"179c8746\" data-element_type=\"widget\" data-widget_type=\"text-editor.default\">\n\t\t\t\t\t\t\t\t\t\n<p>\u00a0<\/p>\n\n<h3>Contacta\u021bi-ne pentru \u00eentreb\u0103ri sau colabor\u0103ri viitoare.<\/h3>\n\n<p>tel.: 0740205131<\/p>\n<p>office@sign-expert.ro<\/p>\n<p>office@logoexpert.ro<\/p>\n<p>\u00a0<\/p>\n\n<p>\u00a0<\/p>\n\t\t\t\t\t\t\t\t<\/div>\n\t\t\t\t\t<\/div>\n\t\t\t\t<\/div>\n\t\t\t\t<\/div>\n\t\t","protected":false},"excerpt":{"rendered":"<p>\u00a0<\/p>\n","protected":false},"author":1,"featured_media":0,"parent":0,"menu_order":0,"comment_status":"closed","ping_status":"closed","template":"","meta":{"footnotes":""},"class_list":["post-123","page","type-page","status-publish","hentry"],"blocksy_meta":[],"aioseo_notices":[],"_links":{"self":[{"href":"https:\/\/signexpert.ro\/index.php?rest_route=\/wp\/v2\/pages\/123","targetHints":{"allow":["GET"]}}],"collection":[{"href":"https:\/\/signexpert.ro\/index.php?rest_route=\/wp\/v2\/pages"}],"about":[{"href":"https:\/\/signexpert.ro\/index.php?rest_route=\/wp\/v2\/types\/page"}],"author":[{"embeddable":true,"href":"https:\/\/signexpert.ro\/index.php?rest_route=\/wp\/v2\/users\/1"}],"replies":[{"embeddable":true,"href":"https:\/\/signexpert.ro\/index.php?rest_route=%2Fwp%2Fv2%2Fcomments&post=123"}],"version-history":[{"count":3,"href":"https:\/\/signexpert.ro\/index.php?rest_route=\/wp\/v2\/pages\/123\/revisions"}],"predecessor-version":[{"id":169,"href":"https:\/\/signexpert.ro\/index.php?rest_route=\/wp\/v2\/pages\/123\/revisions\/169"}],"wp:attachment":[{"href":"https:\/\/signexpert.ro\/index.php?rest_route=%2Fwp%2Fv2%2Fmedia&parent=123"}],"curies":[{"name":"wp","href":"https:\/\/api.w.org\/{rel}","templated":true}]}}